{"id":3512,"date":"2023-04-21T07:56:02","date_gmt":"2023-04-21T05:56:02","guid":{"rendered":"https:\/\/lillabommen.se\/bromastaren"},"modified":"2026-03-24T13:22:14","modified_gmt":"2026-03-24T12:22:14","slug":"bromastaren","status":"publish","type":"page","link":"https:\/\/lillabommen.se\/en\/bromastaren\/","title":{"rendered":"Brom\u00e4staren"},"content":{"rendered":"","protected":false},"excerpt":{"rendered":"","protected":false},"author":7,"featured_media":3387,"parent":0,"menu_order":0,"comment_status":"closed","ping_status":"closed","template":"","meta":{"_acf_changed":false,"footnotes":""},"class_list":["post-3512","page","type-page","status-publish","has-post-thumbnail","hentry"],"acf":[],"yoast_head":"<!-- This site is optimized with the Yoast SEO plugin v27.2 - https:\/\/yoast.com\/product\/yoast-seo-wordpress\/ -->\n<title>Brom\u00e4staren - Lilla Bommen<\/title>\n<meta name=\"description\" content=\"One step closer to the central station and opposite Platinan, Brom\u00e4staren is now being planned. 18,000 square metres of offices, housing, retail and services.\" \/>\n<meta name=\"robots\" content=\"index, follow, max-snippet:-1, max-image-preview:large, max-video-preview:-1\" \/>\n<link rel=\"canonical\" href=\"https:\/\/lillabommen.se\/en\/bromastaren\/\" \/>\n<meta property=\"og:locale\" content=\"en_US\" \/>\n<meta property=\"og:type\" content=\"article\" \/>\n<meta property=\"og:title\" content=\"Brom\u00e4staren - Lilla Bommen - Gothenburg\" \/>\n<meta property=\"og:description\" content=\"One step closer to the central station and opposite Platinan, Brom\u00e4staren is now being planned. 18,000 square metres of offices, housing, retail and services.\" \/>\n<meta property=\"og:url\" content=\"https:\/\/lillabommen.se\/en\/bromastaren\/\" \/>\n<meta property=\"og:site_name\" content=\"Lilla Bommen\" \/>\n<meta property=\"article:modified_time\" content=\"2026-03-24T12:22:14+00:00\" \/>\n<meta property=\"og:image\" content=\"https:\/\/lillabommen.se\/app\/uploads\/2023\/12\/tmrw.vasakronan.lilla_.bommen.aerial.copyright.tmrw_.inc-1.jpg\" \/>\n\t<meta property=\"og:image:width\" content=\"1900\" \/>\n\t<meta property=\"og:image:height\" content=\"1400\" \/>\n\t<meta property=\"og:image:type\" content=\"image\/jpeg\" \/>\n<meta name=\"twitter:card\" content=\"summary_large_image\" \/>\n<meta name=\"twitter:title\" content=\"Brom\u00e4staren - Lilla Bommen - G\u00f6teborg\" \/>\n<meta name=\"twitter:description\" content=\"One step closer to the central station and opposite Platinan, Brom\u00e4staren is now being planned. 18,000 square metres of offices, housing, retail and services.\" \/>\n<meta name=\"twitter:image\" content=\"https:\/\/lillabommen.se\/app\/uploads\/2023\/12\/tmrw.vasakronan.lilla_.bommen.aerial.copyright.tmrw_.inc-1.jpg\" \/>\n<meta name=\"twitter:label1\" content=\"Est. reading time\" \/>\n\t<meta name=\"twitter:data1\" content=\"2 minutes\" \/>\n<script type=\"application\/ld+json\" class=\"yoast-schema-graph\">{\"@context\":\"https:\/\/schema.org\",\"@graph\":[{\"@type\":\"WebPage\",\"@id\":\"https:\/\/lillabommen.se\/en\/bromastaren\/\",\"url\":\"https:\/\/lillabommen.se\/en\/bromastaren\/\",\"name\":\"Brom\u00e4staren - Lilla Bommen\",\"isPartOf\":{\"@id\":\"https:\/\/lillabommen.se\/en\/#website\"},\"primaryImageOfPage\":{\"@id\":\"https:\/\/lillabommen.se\/en\/bromastaren\/#primaryimage\"},\"image\":{\"@id\":\"https:\/\/lillabommen.se\/en\/bromastaren\/#primaryimage\"},\"thumbnailUrl\":\"https:\/\/lillabommen.se\/app\/uploads\/2023\/12\/tmrw.vasakronan.lilla_.bommen.aerial.copyright.tmrw_.inc-1.jpg\",\"datePublished\":\"2023-04-21T05:56:02+00:00\",\"dateModified\":\"2026-03-24T12:22:14+00:00\",\"description\":\"One step closer to the central station and opposite Platinan, Brom\u00e4staren is now being planned. 18,000 square metres of offices, housing, retail and services.\",\"breadcrumb\":{\"@id\":\"https:\/\/lillabommen.se\/en\/bromastaren\/#breadcrumb\"},\"inLanguage\":\"en-US\",\"potentialAction\":[{\"@type\":\"ReadAction\",\"target\":[\"https:\/\/lillabommen.se\/en\/bromastaren\/\"]}]},{\"@type\":\"ImageObject\",\"inLanguage\":\"en-US\",\"@id\":\"https:\/\/lillabommen.se\/en\/bromastaren\/#primaryimage\",\"url\":\"https:\/\/lillabommen.se\/app\/uploads\/2023\/12\/tmrw.vasakronan.lilla_.bommen.aerial.copyright.tmrw_.inc-1.jpg\",\"contentUrl\":\"https:\/\/lillabommen.se\/app\/uploads\/2023\/12\/tmrw.vasakronan.lilla_.bommen.aerial.copyright.tmrw_.inc-1.jpg\",\"width\":1900,\"height\":1400,\"caption\":\"Brom\u00e4staren\"},{\"@type\":\"BreadcrumbList\",\"@id\":\"https:\/\/lillabommen.se\/en\/bromastaren\/#breadcrumb\",\"itemListElement\":[{\"@type\":\"ListItem\",\"position\":1,\"name\":\"Home\",\"item\":\"https:\/\/lillabommen.se\/en\/\"},{\"@type\":\"ListItem\",\"position\":2,\"name\":\"Brom\u00e4staren\"}]},{\"@type\":\"WebSite\",\"@id\":\"https:\/\/lillabommen.se\/en\/#website\",\"url\":\"https:\/\/lillabommen.se\/en\/\",\"name\":\"Lilla Bommen\",\"description\":\"En del av nya G\u00f6teborg\",\"potentialAction\":[{\"@type\":\"SearchAction\",\"target\":{\"@type\":\"EntryPoint\",\"urlTemplate\":\"https:\/\/lillabommen.se\/en\/?s={search_term_string}\"},\"query-input\":{\"@type\":\"PropertyValueSpecification\",\"valueRequired\":true,\"valueName\":\"search_term_string\"}}],\"inLanguage\":\"en-US\"}]}<\/script>\n<!-- \/ Yoast SEO plugin. -->","yoast_head_json":{"title":"Brom\u00e4staren - Lilla Bommen","description":"One step closer to the central station and opposite Platinan, Brom\u00e4staren is now being planned. 18,000 square metres of offices, housing, retail and services.","robots":{"index":"index","follow":"follow","max-snippet":"max-snippet:-1","max-image-preview":"max-image-preview:large","max-video-preview":"max-video-preview:-1"},"canonical":"https:\/\/lillabommen.se\/en\/bromastaren\/","og_locale":"en_US","og_type":"article","og_title":"Brom\u00e4staren - Lilla Bommen - Gothenburg","og_description":"One step closer to the central station and opposite Platinan, Brom\u00e4staren is now being planned. 18,000 square metres of offices, housing, retail and services.","og_url":"https:\/\/lillabommen.se\/en\/bromastaren\/","og_site_name":"Lilla Bommen","article_modified_time":"2026-03-24T12:22:14+00:00","og_image":[{"width":1900,"height":1400,"url":"https:\/\/lillabommen.se\/app\/uploads\/2023\/12\/tmrw.vasakronan.lilla_.bommen.aerial.copyright.tmrw_.inc-1.jpg","type":"image\/jpeg"}],"twitter_card":"summary_large_image","twitter_title":"Brom\u00e4staren - Lilla Bommen - G\u00f6teborg","twitter_description":"One step closer to the central station and opposite Platinan, Brom\u00e4staren is now being planned. 18,000 square metres of offices, housing, retail and services.","twitter_image":"https:\/\/lillabommen.se\/app\/uploads\/2023\/12\/tmrw.vasakronan.lilla_.bommen.aerial.copyright.tmrw_.inc-1.jpg","twitter_misc":{"Est. reading time":"2 minutes"},"schema":{"@context":"https:\/\/schema.org","@graph":[{"@type":"WebPage","@id":"https:\/\/lillabommen.se\/en\/bromastaren\/","url":"https:\/\/lillabommen.se\/en\/bromastaren\/","name":"Brom\u00e4staren - Lilla Bommen","isPartOf":{"@id":"https:\/\/lillabommen.se\/en\/#website"},"primaryImageOfPage":{"@id":"https:\/\/lillabommen.se\/en\/bromastaren\/#primaryimage"},"image":{"@id":"https:\/\/lillabommen.se\/en\/bromastaren\/#primaryimage"},"thumbnailUrl":"https:\/\/lillabommen.se\/app\/uploads\/2023\/12\/tmrw.vasakronan.lilla_.bommen.aerial.copyright.tmrw_.inc-1.jpg","datePublished":"2023-04-21T05:56:02+00:00","dateModified":"2026-03-24T12:22:14+00:00","description":"One step closer to the central station and opposite Platinan, Brom\u00e4staren is now being planned. 18,000 square metres of offices, housing, retail and services.","breadcrumb":{"@id":"https:\/\/lillabommen.se\/en\/bromastaren\/#breadcrumb"},"inLanguage":"en-US","potentialAction":[{"@type":"ReadAction","target":["https:\/\/lillabommen.se\/en\/bromastaren\/"]}]},{"@type":"ImageObject","inLanguage":"en-US","@id":"https:\/\/lillabommen.se\/en\/bromastaren\/#primaryimage","url":"https:\/\/lillabommen.se\/app\/uploads\/2023\/12\/tmrw.vasakronan.lilla_.bommen.aerial.copyright.tmrw_.inc-1.jpg","contentUrl":"https:\/\/lillabommen.se\/app\/uploads\/2023\/12\/tmrw.vasakronan.lilla_.bommen.aerial.copyright.tmrw_.inc-1.jpg","width":1900,"height":1400,"caption":"Brom\u00e4staren"},{"@type":"BreadcrumbList","@id":"https:\/\/lillabommen.se\/en\/bromastaren\/#breadcrumb","itemListElement":[{"@type":"ListItem","position":1,"name":"Home","item":"https:\/\/lillabommen.se\/en\/"},{"@type":"ListItem","position":2,"name":"Brom\u00e4staren"}]},{"@type":"WebSite","@id":"https:\/\/lillabommen.se\/en\/#website","url":"https:\/\/lillabommen.se\/en\/","name":"Lilla Bommen","description":"En del av nya G\u00f6teborg","potentialAction":[{"@type":"SearchAction","target":{"@type":"EntryPoint","urlTemplate":"https:\/\/lillabommen.se\/en\/?s={search_term_string}"},"query-input":{"@type":"PropertyValueSpecification","valueRequired":true,"valueName":"search_term_string"}}],"inLanguage":"en-US"}]}},"_links":{"self":[{"href":"https:\/\/lillabommen.se\/en\/wp-json\/wp\/v2\/pages\/3512","targetHints":{"allow":["GET"]}}],"collection":[{"href":"https:\/\/lillabommen.se\/en\/wp-json\/wp\/v2\/pages"}],"about":[{"href":"https:\/\/lillabommen.se\/en\/wp-json\/wp\/v2\/types\/page"}],"author":[{"embeddable":true,"href":"https:\/\/lillabommen.se\/en\/wp-json\/wp\/v2\/users\/7"}],"replies":[{"embeddable":true,"href":"https:\/\/lillabommen.se\/en\/wp-json\/wp\/v2\/comments?post=3512"}],"version-history":[{"count":10,"href":"https:\/\/lillabommen.se\/en\/wp-json\/wp\/v2\/pages\/3512\/revisions"}],"predecessor-version":[{"id":3951,"href":"https:\/\/lillabommen.se\/en\/wp-json\/wp\/v2\/pages\/3512\/revisions\/3951"}],"wp:featuredmedia":[{"embeddable":true,"href":"https:\/\/lillabommen.se\/en\/wp-json\/wp\/v2\/media\/3387"}],"wp:attachment":[{"href":"https:\/\/lillabommen.se\/en\/wp-json\/wp\/v2\/media?parent=3512"}],"curies":[{"name":"wp","href":"https:\/\/api.w.org\/{rel}","templated":true}]}}